{"id":251,"date":"2024-06-15T14:23:50","date_gmt":"2024-06-15T12:23:50","guid":{"rendered":"https:\/\/mineralienhandel-ebeling.de\/widerrufsbelehrung\/"},"modified":"2025-01-18T09:17:46","modified_gmt":"2025-01-18T08:17:46","slug":"widerrufsbelehrung","status":"publish","type":"page","link":"https:\/\/mineralienhandel-ebeling.de\/en\/widerrufsbelehrung\/","title":{"rendered":"Widerrufsbelehrung"},"content":{"rendered":"<div data-elementor-type=\"wp-page\" data-elementor-id=\"251\" class=\"elementor elementor-251\" data-elementor-post-type=\"page\">\n\t\t\t\t<div class=\"elementor-element elementor-element-dcdc91e e-flex e-con-boxed e-con e-parent\" data-id=\"dcdc91e\" data-element_type=\"container\" data-e-type=\"container\">\n\t\t\t\t\t<div class=\"e-con-inner\">\n\t\t\t\t<div class=\"elementor-element elementor-element-932fcfb elementor-widget__width-initial elementor-widget elementor-widget-heading\" data-id=\"932fcfb\" data-element_type=\"widget\" data-e-type=\"widget\" data-widget_type=\"heading.default\">\n\t\t\t\t<div class=\"elementor-widget-container\">\n\t\t\t\t\t<h2 class=\"elementor-heading-title elementor-size-default\">Widerrufsrecht, Muster-Widerrufsformular<\/h2>\t\t\t\t<\/div>\n\t\t\t\t<\/div>\n\t\t\t\t<div class=\"elementor-element elementor-element-90a700a elementor-widget__width-initial elementor-widget elementor-widget-text-editor\" data-id=\"90a700a\" data-element_type=\"widget\" data-e-type=\"widget\" data-widget_type=\"text-editor.default\">\n\t\t\t\t<div class=\"elementor-widget-container\">\n\t\t\t\t\t\t\t\t\t<p><u>Wir gew\u00e4hren ein Widerrufsrecht von geschlossenen Vertr\u00e4gen, nur wenn und soweit dies gesetzlich vorgesehen ist<\/u>. Nach \u00a7 312g Absatz 2 Nr. 8 BGB besteht bei Vertr\u00e4gen\u00a0<u>kein Widerrufsrecht<\/u>, wenn der Vertrag die Lieferung von Waren oder die Erbringung von Dienstleistungen, auf die wir keinen Einfluss haben und die innerhalb der Widerrufsfrist auftreten k\u00f6nnen.<\/p>\t\t\t\t\t\t\t\t<\/div>\n\t\t\t\t<\/div>\n\t\t\t\t<div class=\"elementor-element elementor-element-b598547 elementor-widget__width-initial elementor-widget elementor-widget-heading\" data-id=\"b598547\" data-element_type=\"widget\" data-e-type=\"widget\" data-widget_type=\"heading.default\">\n\t\t\t\t<div class=\"elementor-widget-container\">\n\t\t\t\t\t<h4 class=\"elementor-heading-title elementor-size-default\">Widerrufsbelehrung<\/h4>\t\t\t\t<\/div>\n\t\t\t\t<\/div>\n\t\t\t\t<div class=\"elementor-element elementor-element-d7286de elementor-widget__width-initial elementor-widget elementor-widget-heading\" data-id=\"d7286de\" data-element_type=\"widget\" data-e-type=\"widget\" data-widget_type=\"heading.default\">\n\t\t\t\t<div class=\"elementor-widget-container\">\n\t\t\t\t\t<h5 class=\"elementor-heading-title elementor-size-default\">Widerrufsrecht<\/h5>\t\t\t\t<\/div>\n\t\t\t\t<\/div>\n\t\t\t\t<div class=\"elementor-element elementor-element-152c32e elementor-widget__width-initial elementor-widget elementor-widget-text-editor\" data-id=\"152c32e\" data-element_type=\"widget\" data-e-type=\"widget\" data-widget_type=\"text-editor.default\">\n\t\t\t\t<div class=\"elementor-widget-container\">\n\t\t\t\t\t\t\t\t\t<p>Sie haben das Recht, binnen vierzehn Tagen ohne Angabe von Gr\u00fcnden diesen Vertrag zu widerrufen.<\/p><p>Die Widerrufsfrist betr\u00e4gt vierzehn Tage ab dem Tag, an dem Sie oder ein von Ihnen benannter Dritter, der nicht der Bef\u00f6rderer ist, die Waren in Besitz genommen haben bzw. hat.<\/p><p>Um Ihr Widerrufsrecht auszu\u00fcben, m\u00fcssen Sie uns (Mineralienhandel Ebeling, Starenweg 18, 37431 Bad Lauterberg, kontakt@mineralienhandel-ebeling.de) mittels einer eindeutigen Erkl\u00e4rung (z. B. ein mit der Post versandter Brief oder E-Mail) \u00fcber Ihren Entschluss, diesen Vertrag zu widerrufen, informieren. Sie k\u00f6nnen daf\u00fcr das beigef\u00fcgte Muster-Widerrufsformular verwenden, das jedoch nicht vorgeschrieben ist.<br \/>Zur Wahrung der Widerrufsfrist reicht es aus, dass Sie die Mitteilung \u00fcber die Aus\u00fcbung des Widerrufsrechts vor Ablauf der Widerrufsfrist absenden.<\/p>\t\t\t\t\t\t\t\t<\/div>\n\t\t\t\t<\/div>\n\t\t\t\t<div class=\"elementor-element elementor-element-a8712ad elementor-widget__width-initial elementor-widget elementor-widget-heading\" data-id=\"a8712ad\" data-element_type=\"widget\" data-e-type=\"widget\" data-widget_type=\"heading.default\">\n\t\t\t\t<div class=\"elementor-widget-container\">\n\t\t\t\t\t<h4 class=\"elementor-heading-title elementor-size-default\">Folgen des Widerrufs<\/h4>\t\t\t\t<\/div>\n\t\t\t\t<\/div>\n\t\t\t\t<div class=\"elementor-element elementor-element-c6cf22f elementor-widget__width-initial elementor-widget elementor-widget-text-editor\" data-id=\"c6cf22f\" data-element_type=\"widget\" data-e-type=\"widget\" data-widget_type=\"text-editor.default\">\n\t\t\t\t<div class=\"elementor-widget-container\">\n\t\t\t\t\t\t\t\t\t<p>Wenn Sie diesen Vertrag widerrufen, haben wir Ihnen alle Zahlungen, die wir von Ihnen erhalten haben, unverz\u00fcglich und sp\u00e4testens binnen vierzehn Tagen ab dem Tag zur\u00fcckzuzahlen, an dem die Mitteilung \u00fcber Ihren Widerruf dieses Vertrags bei uns eingegangen ist. F\u00fcr diese R\u00fcckzahlung verwenden wir dasselbe Zahlungsmittel, dass Sie bei der urspr\u00fcnglichen Transaktion eingesetzt haben, es sei denn, mit Ihnen wurde ausdr\u00fccklich etwas anderes vereinbart; in keinem Fall werden Ihnen wegen dieser R\u00fcckzahlung Entgelte berechnet.<\/p><p>Wir k\u00f6nnen die R\u00fcckzahlung verweigern, bis wir die Waren wieder zur\u00fcckerhalten und gepr\u00fcft haben.<br \/>Sie haben die Waren unverz\u00fcglich und in jedem Fall sp\u00e4testens binnen vierzehn Tagen ab dem Tag, an dem Sie uns \u00fcber den Widerruf dieses Vertrags unterrichten, an uns zur\u00fcckzusenden. Die Frist ist gewahrt, wenn Sie die Waren vor Ablauf der Frist von vierzehn Tagen absenden.<br \/>Sie tragen die unmittelbaren Kosten der R\u00fccksendung der Waren.<\/p><p>Sie m\u00fcssen f\u00fcr einen etwaigen Wertverlust der Waren nur aufkommen, wenn dieser Wertverlust auf einen zur Pr\u00fcfung der Beschaffenheit, Eigenschaften und Funktionsweise der Waren nicht notwendigen Umgang mit ihnen zur\u00fcckzuf\u00fchren ist.<\/p><p>Das Muster-Widerrufsformular k\u00f6nnen Sie <a style=\"color: #9b6a34; text-decoration: underline;\" href=\"https:\/\/mineralienhandel-ebeling.de\/wp-content\/uploads\/2025\/01\/Widerrufsformular.pdf\">hier<\/a> downloaden.<\/p>\t\t\t\t\t\t\t\t<\/div>\n\t\t\t\t<\/div>\n\t\t\t\t\t<\/div>\n\t\t\t\t<\/div>\n\t\t\t\t<\/div>","protected":false},"excerpt":{"rendered":"<p>Widerrufsrecht, Muster-Widerrufsformular Wir gew\u00e4hren ein Widerrufsrecht von geschlossenen Vertr\u00e4gen, nur wenn und soweit dies gesetzlich vorgesehen ist. Nach \u00a7 312g Absatz 2 Nr. 8 BGB besteht bei Vertr\u00e4gen\u00a0kein Widerrufsrecht, wenn der Vertrag die Lieferung von Waren oder die Erbringung von Dienstleistungen, auf die wir keinen Einfluss haben und die innerhalb der Widerrufsfrist auftreten k\u00f6nnen. Widerrufsbelehrung [&hellip;]<\/p>\n","protected":false},"author":1,"featured_media":0,"parent":0,"menu_order":10,"comment_status":"closed","ping_status":"closed","template":"","meta":{"_acf_changed":false,"footnotes":""},"class_list":["post-251","page","type-page","status-publish","hentry"],"acf":[],"yoast_head":"<!-- This site is optimized with the Yoast SEO plugin v27.4 - https:\/\/yoast.com\/product\/yoast-seo-wordpress\/ -->\n<title>Widerrufsbelehrung - Mineralienhandel Ebeling<\/title>\n<meta name=\"robots\" content=\"index, follow, max-snippet:-1, max-image-preview:large, max-video-preview:-1\" \/>\n<link rel=\"canonical\" href=\"https:\/\/mineralienhandel-ebeling.de\/en\/widerrufsbelehrung\/\" \/>\n<meta property=\"og:locale\" content=\"en_US\" \/>\n<meta property=\"og:type\" content=\"article\" \/>\n<meta property=\"og:title\" content=\"Widerrufsbelehrung - Mineralienhandel Ebeling\" \/>\n<meta property=\"og:description\" content=\"Widerrufsrecht, Muster-Widerrufsformular Wir gew\u00e4hren ein Widerrufsrecht von geschlossenen Vertr\u00e4gen, nur wenn und soweit dies gesetzlich vorgesehen ist. Nach \u00a7 312g Absatz 2 Nr. 8 BGB besteht bei Vertr\u00e4gen\u00a0kein Widerrufsrecht, wenn der Vertrag die Lieferung von Waren oder die Erbringung von Dienstleistungen, auf die wir keinen Einfluss haben und die innerhalb der Widerrufsfrist auftreten k\u00f6nnen. Widerrufsbelehrung [&hellip;]\" \/>\n<meta property=\"og:url\" content=\"https:\/\/mineralienhandel-ebeling.de\/en\/widerrufsbelehrung\/\" \/>\n<meta property=\"og:site_name\" content=\"Mineralienhandel Ebeling\" \/>\n<meta property=\"article:publisher\" content=\"https:\/\/www.facebook.com\/share\/1Ck1G3NdMX\/?mibextid=wwXIfr\" \/>\n<meta property=\"article:modified_time\" content=\"2025-01-18T08:17:46+00:00\" \/>\n<meta property=\"og:image\" content=\"https:\/\/mineralienhandel-ebeling.de\/wp-content\/uploads\/2024\/06\/Logo-Andreas-Ebeling.jpg\" \/>\n\t<meta property=\"og:image:width\" content=\"800\" \/>\n\t<meta property=\"og:image:height\" content=\"800\" \/>\n\t<meta property=\"og:image:type\" content=\"image\/jpeg\" \/>\n<meta name=\"twitter:card\" content=\"summary_large_image\" \/>\n<meta name=\"twitter:label1\" content=\"Est. reading time\" \/>\n\t<meta name=\"twitter:data1\" content=\"2 minutes\" \/>\n<script type=\"application\/ld+json\" class=\"yoast-schema-graph\">{\"@context\":\"https:\\\/\\\/schema.org\",\"@graph\":[{\"@type\":\"WebPage\",\"@id\":\"https:\\\/\\\/mineralienhandel-ebeling.de\\\/widerrufsbelehrung\\\/\",\"url\":\"https:\\\/\\\/mineralienhandel-ebeling.de\\\/widerrufsbelehrung\\\/\",\"name\":\"Widerrufsbelehrung - Mineralienhandel Ebeling\",\"isPartOf\":{\"@id\":\"https:\\\/\\\/mineralienhandel-ebeling.de\\\/#website\"},\"datePublished\":\"2024-06-15T12:23:50+00:00\",\"dateModified\":\"2025-01-18T08:17:46+00:00\",\"breadcrumb\":{\"@id\":\"https:\\\/\\\/mineralienhandel-ebeling.de\\\/widerrufsbelehrung\\\/#breadcrumb\"},\"inLanguage\":\"en-US\",\"potentialAction\":[{\"@type\":\"ReadAction\",\"target\":[\"https:\\\/\\\/mineralienhandel-ebeling.de\\\/widerrufsbelehrung\\\/\"]}]},{\"@type\":\"BreadcrumbList\",\"@id\":\"https:\\\/\\\/mineralienhandel-ebeling.de\\\/widerrufsbelehrung\\\/#breadcrumb\",\"itemListElement\":[{\"@type\":\"ListItem\",\"position\":1,\"name\":\"Startseite\",\"item\":\"https:\\\/\\\/mineralienhandel-ebeling.de\\\/\"},{\"@type\":\"ListItem\",\"position\":2,\"name\":\"Widerrufsbelehrung\"}]},{\"@type\":\"WebSite\",\"@id\":\"https:\\\/\\\/mineralienhandel-ebeling.de\\\/#website\",\"url\":\"https:\\\/\\\/mineralienhandel-ebeling.de\\\/\",\"name\":\"Mineralienhandel Ebeling\",\"description\":\"\",\"publisher\":{\"@id\":\"https:\\\/\\\/mineralienhandel-ebeling.de\\\/#organization\"},\"potentialAction\":[{\"@type\":\"SearchAction\",\"target\":{\"@type\":\"EntryPoint\",\"urlTemplate\":\"https:\\\/\\\/mineralienhandel-ebeling.de\\\/?s={search_term_string}\"},\"query-input\":{\"@type\":\"PropertyValueSpecification\",\"valueRequired\":true,\"valueName\":\"search_term_string\"}}],\"inLanguage\":\"en-US\"},{\"@type\":\"Organization\",\"@id\":\"https:\\\/\\\/mineralienhandel-ebeling.de\\\/#organization\",\"name\":\"Mineralienhandel Ebeling\",\"url\":\"https:\\\/\\\/mineralienhandel-ebeling.de\\\/\",\"logo\":{\"@type\":\"ImageObject\",\"inLanguage\":\"en-US\",\"@id\":\"https:\\\/\\\/mineralienhandel-ebeling.de\\\/#\\\/schema\\\/logo\\\/image\\\/\",\"url\":\"https:\\\/\\\/mineralienhandel-ebeling.de\\\/wp-content\\\/uploads\\\/2024\\\/06\\\/Logo-Andreas-Ebeling.jpg\",\"contentUrl\":\"https:\\\/\\\/mineralienhandel-ebeling.de\\\/wp-content\\\/uploads\\\/2024\\\/06\\\/Logo-Andreas-Ebeling.jpg\",\"width\":800,\"height\":800,\"caption\":\"Mineralienhandel Ebeling\"},\"image\":{\"@id\":\"https:\\\/\\\/mineralienhandel-ebeling.de\\\/#\\\/schema\\\/logo\\\/image\\\/\"},\"sameAs\":[\"https:\\\/\\\/www.facebook.com\\\/share\\\/1Ck1G3NdMX\\\/?mibextid=wwXIfr\",\"https:\\\/\\\/www.instagram.com\\\/mineralienhandel_ebeling?igsh=MTJ5end6dHkxMXE4NQ==&utm_source=qr\"]}]}<\/script>\n<!-- \/ Yoast SEO plugin. -->","yoast_head_json":{"title":"Widerrufsbelehrung - Mineralienhandel Ebeling","robots":{"index":"index","follow":"follow","max-snippet":"max-snippet:-1","max-image-preview":"max-image-preview:large","max-video-preview":"max-video-preview:-1"},"canonical":"https:\/\/mineralienhandel-ebeling.de\/en\/widerrufsbelehrung\/","og_locale":"en_US","og_type":"article","og_title":"Widerrufsbelehrung - Mineralienhandel Ebeling","og_description":"Widerrufsrecht, Muster-Widerrufsformular Wir gew\u00e4hren ein Widerrufsrecht von geschlossenen Vertr\u00e4gen, nur wenn und soweit dies gesetzlich vorgesehen ist. Nach \u00a7 312g Absatz 2 Nr. 8 BGB besteht bei Vertr\u00e4gen\u00a0kein Widerrufsrecht, wenn der Vertrag die Lieferung von Waren oder die Erbringung von Dienstleistungen, auf die wir keinen Einfluss haben und die innerhalb der Widerrufsfrist auftreten k\u00f6nnen. Widerrufsbelehrung [&hellip;]","og_url":"https:\/\/mineralienhandel-ebeling.de\/en\/widerrufsbelehrung\/","og_site_name":"Mineralienhandel Ebeling","article_publisher":"https:\/\/www.facebook.com\/share\/1Ck1G3NdMX\/?mibextid=wwXIfr","article_modified_time":"2025-01-18T08:17:46+00:00","og_image":[{"width":800,"height":800,"url":"https:\/\/mineralienhandel-ebeling.de\/wp-content\/uploads\/2024\/06\/Logo-Andreas-Ebeling.jpg","type":"image\/jpeg"}],"twitter_card":"summary_large_image","twitter_misc":{"Est. reading time":"2 minutes"},"schema":{"@context":"https:\/\/schema.org","@graph":[{"@type":"WebPage","@id":"https:\/\/mineralienhandel-ebeling.de\/widerrufsbelehrung\/","url":"https:\/\/mineralienhandel-ebeling.de\/widerrufsbelehrung\/","name":"Widerrufsbelehrung - Mineralienhandel Ebeling","isPartOf":{"@id":"https:\/\/mineralienhandel-ebeling.de\/#website"},"datePublished":"2024-06-15T12:23:50+00:00","dateModified":"2025-01-18T08:17:46+00:00","breadcrumb":{"@id":"https:\/\/mineralienhandel-ebeling.de\/widerrufsbelehrung\/#breadcrumb"},"inLanguage":"en-US","potentialAction":[{"@type":"ReadAction","target":["https:\/\/mineralienhandel-ebeling.de\/widerrufsbelehrung\/"]}]},{"@type":"BreadcrumbList","@id":"https:\/\/mineralienhandel-ebeling.de\/widerrufsbelehrung\/#breadcrumb","itemListElement":[{"@type":"ListItem","position":1,"name":"Startseite","item":"https:\/\/mineralienhandel-ebeling.de\/"},{"@type":"ListItem","position":2,"name":"Widerrufsbelehrung"}]},{"@type":"WebSite","@id":"https:\/\/mineralienhandel-ebeling.de\/#website","url":"https:\/\/mineralienhandel-ebeling.de\/","name":"Mineralienhandel Ebeling","description":"","publisher":{"@id":"https:\/\/mineralienhandel-ebeling.de\/#organization"},"potentialAction":[{"@type":"SearchAction","target":{"@type":"EntryPoint","urlTemplate":"https:\/\/mineralienhandel-ebeling.de\/?s={search_term_string}"},"query-input":{"@type":"PropertyValueSpecification","valueRequired":true,"valueName":"search_term_string"}}],"inLanguage":"en-US"},{"@type":"Organization","@id":"https:\/\/mineralienhandel-ebeling.de\/#organization","name":"Mineralienhandel Ebeling","url":"https:\/\/mineralienhandel-ebeling.de\/","logo":{"@type":"ImageObject","inLanguage":"en-US","@id":"https:\/\/mineralienhandel-ebeling.de\/#\/schema\/logo\/image\/","url":"https:\/\/mineralienhandel-ebeling.de\/wp-content\/uploads\/2024\/06\/Logo-Andreas-Ebeling.jpg","contentUrl":"https:\/\/mineralienhandel-ebeling.de\/wp-content\/uploads\/2024\/06\/Logo-Andreas-Ebeling.jpg","width":800,"height":800,"caption":"Mineralienhandel Ebeling"},"image":{"@id":"https:\/\/mineralienhandel-ebeling.de\/#\/schema\/logo\/image\/"},"sameAs":["https:\/\/www.facebook.com\/share\/1Ck1G3NdMX\/?mibextid=wwXIfr","https:\/\/www.instagram.com\/mineralienhandel_ebeling?igsh=MTJ5end6dHkxMXE4NQ==&utm_source=qr"]}]}},"_links":{"self":[{"href":"https:\/\/mineralienhandel-ebeling.de\/en\/wp-json\/wp\/v2\/pages\/251","targetHints":{"allow":["GET"]}}],"collection":[{"href":"https:\/\/mineralienhandel-ebeling.de\/en\/wp-json\/wp\/v2\/pages"}],"about":[{"href":"https:\/\/mineralienhandel-ebeling.de\/en\/wp-json\/wp\/v2\/types\/page"}],"author":[{"embeddable":true,"href":"https:\/\/mineralienhandel-ebeling.de\/en\/wp-json\/wp\/v2\/users\/1"}],"replies":[{"embeddable":true,"href":"https:\/\/mineralienhandel-ebeling.de\/en\/wp-json\/wp\/v2\/comments?post=251"}],"version-history":[{"count":4,"href":"https:\/\/mineralienhandel-ebeling.de\/en\/wp-json\/wp\/v2\/pages\/251\/revisions"}],"predecessor-version":[{"id":3116,"href":"https:\/\/mineralienhandel-ebeling.de\/en\/wp-json\/wp\/v2\/pages\/251\/revisions\/3116"}],"wp:attachment":[{"href":"https:\/\/mineralienhandel-ebeling.de\/en\/wp-json\/wp\/v2\/media?parent=251"}],"curies":[{"name":"wp","href":"https:\/\/api.w.org\/{rel}","templated":true}]}}